{"id":2695,"date":"2026-03-19T11:22:20","date_gmt":"2026-03-19T11:22:20","guid":{"rendered":"https:\/\/new.picaboographik.com\/?page_id=2695"},"modified":"2026-03-19T13:02:32","modified_gmt":"2026-03-19T13:02:32","slug":"site-web","status":"publish","type":"page","link":"https:\/\/new.picaboographik.com\/index.php\/site-web\/","title":{"rendered":"Site web"},"content":{"rendered":"\n<h1 class=\"wp-block-heading\">D\u00e9veloppement de sites Web corporatifs<\/h1>\n\n\n\n<figure class=\"wp-block-image size-large\"><img loading=\"lazy\" decoding=\"async\" width=\"1024\" height=\"683\" src=\"https:\/\/new.picaboographik.com\/wp-content\/uploads\/2026\/03\/ChatGPT-Image-19-mars-2026-a-08_21_15-1024x683.png\" alt=\"\" class=\"wp-image-2696\" srcset=\"https:\/\/new.picaboographik.com\/wp-content\/uploads\/2026\/03\/ChatGPT-Image-19-mars-2026-a-08_21_15-1024x683.png 1024w, https:\/\/new.picaboographik.com\/wp-content\/uploads\/2026\/03\/ChatGPT-Image-19-mars-2026-a-08_21_15-300x200.png 300w, https:\/\/new.picaboographik.com\/wp-content\/uploads\/2026\/03\/ChatGPT-Image-19-mars-2026-a-08_21_15-768x512.png 768w, https:\/\/new.picaboographik.com\/wp-content\/uploads\/2026\/03\/ChatGPT-Image-19-mars-2026-a-08_21_15-600x400.png 600w, https:\/\/new.picaboographik.com\/wp-content\/uploads\/2026\/03\/ChatGPT-Image-19-mars-2026-a-08_21_15.png 1536w\" sizes=\"auto, (max-width: 1024px) 100vw, 1024px\" \/><\/figure>\n\n\n\n<div class=\"wp-block-buttons is-layout-flex wp-block-buttons-is-layout-flex\">\n<div class=\"wp-block-button has-custom-width wp-block-button__width-25\"><a class=\"wp-block-button__link has-background has-small-font-size has-custom-font-size wp-element-button\" href=\"tel:4187880120\" style=\"border-top-left-radius:100px;border-top-right-radius:100px;border-bottom-left-radius:100px;border-bottom-right-radius:100px;background-color:#dea14a\">T\u00e9l\u00e9phone<\/a><\/div>\n\n\n\n<div class=\"wp-block-button has-custom-width wp-block-button__width-25\"><a class=\"wp-block-button__link has-background has-small-font-size has-custom-font-size wp-element-button\" href=\"mailto:jocelyn@picaboomail.com\" style=\"border-top-left-radius:100px;border-top-right-radius:100px;border-bottom-left-radius:100px;border-bottom-right-radius:100px;background-color:#dea14a\">Courriel<\/a><\/div>\n<\/div>\n\n\n\n<h2 class=\"wp-block-heading\">Une expertise qui traverse le temps\u2026 et les technologies<\/h2>\n\n\n\n<hr class=\"wp-block-separator has-alpha-channel-opacity\"\/>\n\n\n\n<h2 class=\"wp-block-heading\">Pr\u00e9sentation<\/h2>\n\n\n\n<p>Chez&nbsp;<strong>Picaboo Graphik<\/strong>, nous ne faisons pas seulement des sites Web\u2026<br>Nous construisons des&nbsp;<strong>outils strat\u00e9giques<\/strong>&nbsp;pour votre entreprise.<\/p>\n\n\n\n<p>Un site Web doit :<\/p>\n\n\n\n<ul class=\"wp-block-list\">\n<li>Repr\u00e9senter votre image<\/li>\n\n\n\n<li>Inspirer confiance<\/li>\n\n\n\n<li>Convertir vos visiteurs en clients<\/li>\n<\/ul>\n\n\n\n<p>Et surtout\u2026 il doit \u00eatre con\u00e7u par quelqu\u2019un qui comprend&nbsp;<strong>l\u2019\u00e9volution compl\u00e8te du num\u00e9rique<\/strong>.<\/p>\n\n\n\n<hr class=\"wp-block-separator has-alpha-channel-opacity\"\/>\n\n\n\n<h2 class=\"wp-block-heading\">Responsable du d\u00e9veloppement<\/h2>\n\n\n\n<p>Depuis&nbsp;<strong>1985<\/strong>, <a href=\"https:\/\/new.picaboographik.com\/index.php\/jocelyn\/\"><strong>Jocelyn Rioux<\/strong><\/a> \u00e9volue dans le domaine de l\u2019informatique.<\/p>\n\n\n\n<p>Bien avant l\u2019arriv\u00e9e d\u2019Internet, il travaillait d\u00e9j\u00e0 avec :<\/p>\n\n\n\n<ul class=\"wp-block-list\">\n<li>Les&nbsp;<strong>BBS (Bulletin Board System)<\/strong><\/li>\n\n\n\n<li>Les premiers r\u00e9seaux informatiques<\/li>\n\n\n\n<li>Les syst\u00e8mes d\u2019exploitation de premi\u00e8re g\u00e9n\u00e9ration<\/li>\n<\/ul>\n\n\n\n<p>Il a ensuite travers\u00e9 :<\/p>\n\n\n\n<ul class=\"wp-block-list\">\n<li>La naissance du Web<\/li>\n\n\n\n<li>L\u2019\u00e9volution des langages de programmation<\/li>\n\n\n\n<li>L\u2019\u00e8re du design num\u00e9rique<\/li>\n\n\n\n<li>Les plateformes modernes<\/li>\n<\/ul>\n\n\n\n<p>Aujourd\u2019hui, il combine&nbsp;<strong>exp\u00e9rience historique + technologies actuelles<\/strong><\/p>\n\n\n\n<hr class=\"wp-block-separator has-alpha-channel-opacity\"\/>\n\n\n\n<h2 class=\"wp-block-heading\">Exp\u00e9rience<\/h2>\n\n\n\n<figure class=\"wp-block-table\"><table class=\"has-fixed-layout\"><thead><tr><th>Domaine<\/th><th>Ann\u00e9es d\u2019exp\u00e9rience<\/th><\/tr><\/thead><tbody><tr><td>Informatique (IT)<\/td><td>40+ ans<\/td><\/tr><tr><td>D\u00e9veloppement Web<\/td><td>25+ ans<\/td><\/tr><tr><td>Consultant informatique<\/td><td>40+ ans<\/td><\/tr><tr><td>Infographie<\/td><td>10+ ans<\/td><\/tr><\/tbody><\/table><\/figure>\n\n\n\n<hr class=\"wp-block-separator has-alpha-channel-opacity\"\/>\n\n\n\n<h2 class=\"wp-block-heading\">Expertise<\/h2>\n\n\n\n<p><a href=\"https:\/\/new.picaboographik.com\/index.php\/jocelyn\/\"><strong>Jocelyn Rioux<\/strong><\/a> est :<\/p>\n\n\n\n<ul class=\"wp-block-list\">\n<li>D\u00e9veloppeur Web corporatif<\/li>\n\n\n\n<li>Infographiste professionnel<\/li>\n\n\n\n<li>Consultant IT<\/li>\n\n\n\n<li>Strat\u00e8ge num\u00e9rique<\/li>\n<\/ul>\n\n\n\n<p>Il ne fait pas juste coder\u2026<br>Il comprend&nbsp;<strong>l\u2019ensemble de votre r\u00e9alit\u00e9 d\u2019entreprise<\/strong><\/p>\n\n\n\n<hr class=\"wp-block-separator has-alpha-channel-opacity\"\/>\n\n\n\n<h2 class=\"wp-block-heading\">Nos services en d\u00e9veloppement Web<\/h2>\n\n\n\n<h3 class=\"wp-block-heading\">Sites Web corporatifs<\/h3>\n\n\n\n<ul class=\"wp-block-list\">\n<li>Design professionnel sur mesure<\/li>\n\n\n\n<li>Structure claire et efficace<\/li>\n\n\n\n<li>Adapt\u00e9 \u00e0 votre image de marque<\/li>\n<\/ul>\n\n\n\n<h3 class=\"wp-block-heading\">Sites responsives<\/h3>\n\n\n\n<ul class=\"wp-block-list\">\n<li>Optimis\u00e9s pour mobile, tablette et ordinateur<\/li>\n<\/ul>\n\n\n\n<h3 class=\"wp-block-heading\">Performance &amp; optimisation<\/h3>\n\n\n\n<ul class=\"wp-block-list\">\n<li>Chargement rapide<\/li>\n\n\n\n<li>Structure SEO de base<\/li>\n\n\n\n<li>Exp\u00e9rience utilisateur optimis\u00e9e<\/li>\n<\/ul>\n\n\n\n<h3 class=\"wp-block-heading\">Int\u00e9gration graphique compl\u00e8te<\/h3>\n\n\n\n<ul class=\"wp-block-list\">\n<li>Harmonisation avec votre branding<\/li>\n\n\n\n<li>Coh\u00e9rence visuelle avec vos autres outils<\/li>\n<\/ul>\n\n\n\n<h3 class=\"wp-block-heading\">Accompagnement personnalis\u00e9<\/h3>\n\n\n\n<ul class=\"wp-block-list\">\n<li>Conseils strat\u00e9giques<\/li>\n\n\n\n<li>\u00c9volution du site dans le temps<\/li>\n<\/ul>\n\n\n\n<hr class=\"wp-block-separator has-alpha-channel-opacity\"\/>\n\n\n\n<h2 class=\"wp-block-heading\">Ce qui nous distingue<\/h2>\n\n\n\n<ul class=\"wp-block-list\">\n<li>Une exp\u00e9rience r\u00e9elle, pas th\u00e9orique<\/li>\n\n\n\n<li>Une vision compl\u00e8te du num\u00e9rique<\/li>\n\n\n\n<li>Une approche orient\u00e9e r\u00e9sultats<\/li>\n<\/ul>\n\n\n\n<p>Contrairement aux d\u00e9veloppeurs r\u00e9cents\u2026<\/p>\n\n\n\n<p><strong>Nous avons vu na\u00eetre le Web.<br>Nous comprenons ses fondations.<br>Et nous ma\u00eetrisons son avenir.<\/strong><\/p>\n\n\n\n<hr class=\"wp-block-separator has-alpha-channel-opacity\"\/>\n\n\n\n<h2 class=\"wp-block-heading\">Pourquoi choisir Picaboo Graphik<\/h2>\n\n\n\n<p>\u2714 Expertise de plus de 40 ans<br>\u2714 Service humain et personnalis\u00e9<br>\u2714 Compr\u00e9hension des entreprises locales et corporatives<br>\u2714 Qualit\u00e9 visuelle haut de gamme<br>\u2714 R\u00e9sultats concrets<\/p>\n\n\n\n<hr class=\"wp-block-separator has-alpha-channel-opacity\"\/>\n\n\n\n<h2 class=\"wp-block-heading\">Message cl\u00e9<\/h2>\n\n\n\n<p><em>\u00ab Votre site Web est votre premi\u00e8re impression.<br>Assurez-vous qu\u2019elle soit professionnelle, strat\u00e9gique\u2026 et m\u00e9morable. \u00bb<\/em><\/p>\n\n\n\n<hr class=\"wp-block-separator has-alpha-channel-opacity\"\/>\n\n\n\n<h2 class=\"wp-block-heading\">Conclusion<\/h2>\n\n\n\n<p>Avec&nbsp;<strong><a href=\"https:\/\/new.picaboographik.com\/index.php\/jocelyn\/\" data-type=\"page\" data-id=\"64\">Jocelyn Rioux<\/a><\/strong>, vous ne confiez pas votre site \u00e0 un d\u00e9butant\u2026<br>Vous travaillez avec un&nbsp;<strong>sp\u00e9cialiste qui a travers\u00e9 toutes les g\u00e9n\u00e9rations technologiques<\/strong>.<\/p>\n\n\n\n<hr class=\"wp-block-separator has-alpha-channel-opacity\"\/>\n\n\n\n<ul class=\"wp-block-list\">\n<li>Pr\u00eat \u00e0 am\u00e9liorer votre pr\u00e9sence en ligne ?<\/li>\n\n\n\n<li>Parlons de votre projet d\u00e8s aujourd\u2019hui.<\/li>\n<\/ul>\n\n\n\n<p><strong>Picaboo Graphik<\/strong><br><em>Cr\u00e9ons ensemble votre image.<\/em><\/p>\n\n\n\n<p><\/p>\n","protected":false},"excerpt":{"rendered":"<p>D\u00e9veloppement de sites Web corporatifs Une expertise qui traverse le temps\u2026 et les technologies Pr\u00e9sentation Chez&nbsp;Picaboo Graphik, nous ne faisons pas seulement des sites Web\u2026Nous construisons des&nbsp;outils strat\u00e9giques&nbsp;pour votre entreprise. Un site Web doit : Et surtout\u2026 il doit \u00eatre con\u00e7u par quelqu\u2019un qui comprend&nbsp;l\u2019\u00e9volution compl\u00e8te du num\u00e9rique. Responsable du d\u00e9veloppement Depuis&nbsp;1985, Jocelyn Rioux \u00e9volue [&hellip;]<\/p>\n","protected":false},"author":1,"featured_media":0,"parent":0,"menu_order":0,"comment_status":"closed","ping_status":"closed","template":"","meta":{"footnotes":""},"class_list":["post-2695","page","type-page","status-publish","hentry"],"_links":{"self":[{"href":"https:\/\/new.picaboographik.com\/index.php\/wp-json\/wp\/v2\/pages\/2695","targetHints":{"allow":["GET"]}}],"collection":[{"href":"https:\/\/new.picaboographik.com\/index.php\/wp-json\/wp\/v2\/pages"}],"about":[{"href":"https:\/\/new.picaboographik.com\/index.php\/wp-json\/wp\/v2\/types\/page"}],"author":[{"embeddable":true,"href":"https:\/\/new.picaboographik.com\/index.php\/wp-json\/wp\/v2\/users\/1"}],"replies":[{"embeddable":true,"href":"https:\/\/new.picaboographik.com\/index.php\/wp-json\/wp\/v2\/comments?post=2695"}],"version-history":[{"count":15,"href":"https:\/\/new.picaboographik.com\/index.php\/wp-json\/wp\/v2\/pages\/2695\/revisions"}],"predecessor-version":[{"id":2734,"href":"https:\/\/new.picaboographik.com\/index.php\/wp-json\/wp\/v2\/pages\/2695\/revisions\/2734"}],"wp:attachment":[{"href":"https:\/\/new.picaboographik.com\/index.php\/wp-json\/wp\/v2\/media?parent=2695"}],"curies":[{"name":"wp","href":"https:\/\/api.w.org\/{rel}","templated":true}]}}