{"id":2205,"date":"2026-03-02T18:14:42","date_gmt":"2026-03-02T18:14:42","guid":{"rendered":"https:\/\/new.picaboographik.com\/?page_id=2205"},"modified":"2026-03-19T13:02:04","modified_gmt":"2026-03-19T13:02:04","slug":"broderie","status":"publish","type":"page","link":"https:\/\/new.picaboographik.com\/index.php\/broderie\/","title":{"rendered":"V\u00eatements corporatifs"},"content":{"rendered":"\n<p class=\"has-medium-font-size\"><strong>Broderie industrielle<\/strong><\/p>\n\n\n\n<p class=\"has-text-align-left\">Tous nos v\u00eatements corporatifs sont soigneusement s\u00e9lectionn\u00e9s afin d\u2019assurer une qualit\u00e9 optimale pour la broderie. Nos produits sont compatibles avec les standards de broderie industrielle, garantissant un rendu durable, pr\u00e9cis et professionnel.<\/p>\n\n\n\n<p class=\"has-text-align-left\">Nous travaillons exclusivement avec des fournisseurs reconnus, ce qui nous permet d\u2019offrir une constance dans la qualit\u00e9 des tissus et des r\u00e9sultats de broderie.<\/p>\n\n\n\n<p class=\"has-text-align-left\">\u00c0 noter que lorsque des v\u00eatements ou articles proviennent de l\u2019ext\u00e9rieur et sont fournis par le client, nous ne pouvons garantir le r\u00e9sultat final ni \u00eatre tenus responsables des r\u00e9actions du tissu (r\u00e9tr\u00e9cissement, d\u00e9formation, bris d\u2019aiguille, variation de tension, etc.).<\/p>\n\n\n\n<p class=\"has-text-align-left\">Notre atelier est \u00e9quip\u00e9 pour produire des quantit\u00e9s industrielles, tout en maintenant un haut standard de qualit\u00e9 et de finition.<\/p>\n\n\n\n<div class=\"wp-block-buttons is-layout-flex wp-block-buttons-is-layout-flex\">\n<div class=\"wp-block-button has-custom-width wp-block-button__width-25\"><a class=\"wp-block-button__link has-background has-small-font-size has-custom-font-size wp-element-button\" href=\"tel:4187880120\" style=\"border-top-left-radius:100px;border-top-right-radius:100px;border-bottom-left-radius:100px;border-bottom-right-radius:100px;background-color:#dea14a\">T\u00e9l\u00e9phone<\/a><\/div>\n\n\n\n<div class=\"wp-block-button has-custom-width wp-block-button__width-25\"><a class=\"wp-block-button__link has-background has-small-font-size has-custom-font-size wp-element-button\" href=\"mailto:sales@picaboomail.com\" style=\"border-top-left-radius:100px;border-top-right-radius:100px;border-bottom-left-radius:100px;border-bottom-right-radius:100px;background-color:#dea14a\">Courriel<\/a><\/div>\n<\/div>\n\n\n\n<div style=\"height:25px\" aria-hidden=\"true\" class=\"wp-block-spacer\"><\/div>\n\n\n\n<hr class=\"wp-block-separator has-alpha-channel-opacity\"\/>\n\n\n\n<h4 class=\"wp-block-heading\">Cliquer sur les logos pour recherche avanc\u00e9e<\/h4>\n\n\n\n<div style=\"height:25px\" aria-hidden=\"true\" class=\"wp-block-spacer\"><\/div>\n\n\n\n<div class=\"wp-block-columns is-layout-flex wp-container-core-columns-is-layout-9d6595d7 wp-block-columns-is-layout-flex\">\n<div class=\"wp-block-column is-vertically-aligned-center is-layout-flow wp-block-column-is-layout-flow\" style=\"flex-basis:25%\"><div class=\"wp-block-image is-style-default\">\n<figure class=\"aligncenter is-resized\"><a href=\"https:\/\/www.ajmintl.com\/\" target=\"_blank\" rel=\" noreferrer noopener\"><img decoding=\"async\" src=\"http:\/\/www.picaboomail.com\/ajm_logo.png\" alt=\"AJM\" style=\"width:139px;height:auto\"\/><\/a><\/figure>\n<\/div><\/div>\n\n\n\n<div class=\"wp-block-column is-vertically-aligned-center is-layout-flow wp-block-column-is-layout-flow\" style=\"flex-basis:25%\"><div class=\"wp-block-image\">\n<figure class=\"aligncenter is-resized\"><a href=\"https:\/\/fr-ca.ssactivewear.com\/\" target=\"_blank\" rel=\" noreferrer noopener\"><img decoding=\"async\" src=\"http:\/\/www.picaboomail.com\/SS_logo-ca.png\" alt=\"S&amp;S Canada\" style=\"aspect-ratio:4.336559940431869;width:161px;height:auto\"\/><\/a><\/figure>\n<\/div><\/div>\n\n\n\n<div class=\"wp-block-column is-vertically-aligned-center is-layout-flow wp-block-column-is-layout-flow\" style=\"flex-basis:25%\"><div class=\"wp-block-image\">\n<figure class=\"aligncenter is-resized\"><a href=\"https:\/\/www.sanmarcanada.com\/\" target=\"_blank\" rel=\" noreferrer noopener\"><img decoding=\"async\" src=\"http:\/\/www.picaboomail.com\/SanMarLogo_1.jpg\" alt=\"ATC\" style=\"width:140px;height:auto\"\/><\/a><\/figure>\n<\/div><\/div>\n\n\n\n<div class=\"wp-block-column is-vertically-aligned-center is-layout-flow wp-block-column-is-layout-flow\" style=\"flex-basis:25%\"><div class=\"wp-block-image\">\n<figure class=\"aligncenter is-resized\"><a href=\"https:\/\/www.stormtechperformance.com\/\" target=\"_blank\" rel=\" noreferrer noopener\"><img decoding=\"async\" src=\"http:\/\/www.picaboomail.com\/Stormtech1.png\" alt=\"Stormtech\" style=\"width:195px;height:auto\"\/><\/a><\/figure>\n<\/div><\/div>\n<\/div>\n\n\n\n<hr class=\"wp-block-separator has-alpha-channel-opacity\"\/>\n\n\n\n<h4 class=\"wp-block-heading\">Consulter le catalogue virtuel<\/h4>\n\n\n\n<div style=\"height:25px\" aria-hidden=\"true\" class=\"wp-block-spacer\"><\/div>\n\n\n\n<div class=\"wp-block-columns is-style-default is-layout-flex wp-container-core-columns-is-layout-9d6595d7 wp-block-columns-is-layout-flex\">\n<div class=\"wp-block-column is-layout-flow wp-block-column-is-layout-flow\">\n<div class=\"wp-block-buttons is-content-justification-center is-layout-flex wp-container-core-buttons-is-layout-16018d1d wp-block-buttons-is-layout-flex\">\n<div class=\"wp-block-button has-custom-width wp-block-button__width-100 is-style-outline is-style-outline--1\"><a class=\"wp-block-button__link has-white-color has-text-color has-background has-link-color has-small-font-size has-custom-font-size wp-element-button\" href=\"https:\/\/www.calameo.com\/ajmintl\/read\/00018913940884a0cf464\" style=\"border-top-left-radius:100px;border-top-right-radius:100px;border-bottom-left-radius:100px;border-bottom-right-radius:100px;background-color:#dea14a\" target=\"_blank\" rel=\"noreferrer noopener\">Casquettes<\/a><\/div>\n<\/div>\n\n\n<div class=\"wp-block-image wp-block-image aligncenter size-large is-resized is-style-rounded\">\n<figure class=\"size-full\"><a href=\"https:\/\/www.calameo.com\/ajmintl\/read\/00018913940884a0cf464\" target=\"_blank\" rel=\" noreferrer noopener\"><img loading=\"lazy\" decoding=\"async\" width=\"866\" height=\"820\" src=\"https:\/\/new.picaboographik.com\/wp-content\/uploads\/2026\/03\/Capture-decran-le-2026-03-03-a-13.15.51.png\" alt=\"\" class=\"wp-image-2214\" style=\"object-fit:cover;width:300px;height:300px\" srcset=\"https:\/\/new.picaboographik.com\/wp-content\/uploads\/2026\/03\/Capture-decran-le-2026-03-03-a-13.15.51.png 866w, https:\/\/new.picaboographik.com\/wp-content\/uploads\/2026\/03\/Capture-decran-le-2026-03-03-a-13.15.51-300x284.png 300w, https:\/\/new.picaboographik.com\/wp-content\/uploads\/2026\/03\/Capture-decran-le-2026-03-03-a-13.15.51-768x727.png 768w\" sizes=\"auto, (max-width: 866px) 100vw, 866px\" \/><\/a><\/figure>\n<\/div><\/div>\n\n\n\n<div class=\"wp-block-column is-layout-flow wp-block-column-is-layout-flow\">\n<div class=\"wp-block-buttons is-layout-flex wp-block-buttons-is-layout-flex\">\n<div class=\"wp-block-button has-custom-width wp-block-button__width-100\"><a class=\"wp-block-button__link has-background has-small-font-size has-custom-font-size wp-element-button\" href=\"https:\/\/new.picaboographik.com\/wp-content\/uploads\/2026\/03\/s-and-s-canada-nouveautes-2026.pdf\" style=\"border-top-left-radius:100px;border-top-right-radius:100px;border-bottom-left-radius:100px;border-bottom-right-radius:100px;background-color:#dea14a\" target=\"_blank\" rel=\"noreferrer noopener\">S&amp;S Canada<\/a><\/div>\n<\/div>\n\n\n<div class=\"wp-block-image wp-block-image aligncenter size-large is-resized is-style-rounded\">\n<figure class=\"size-full\"><a href=\"https:\/\/new.picaboographik.com\/wp-content\/uploads\/2026\/03\/s-and-s-canada-nouveautes-2026.pdf\" target=\"_blank\" rel=\" noreferrer noopener\"><img loading=\"lazy\" decoding=\"async\" width=\"995\" height=\"995\" src=\"https:\/\/new.picaboographik.com\/wp-content\/uploads\/2026\/03\/Gildan_18500_Sand_Front_High_Model-edited.jpg\" alt=\"\" class=\"wp-image-2216\" style=\"object-fit:cover;width:300px;height:300px\" srcset=\"https:\/\/new.picaboographik.com\/wp-content\/uploads\/2026\/03\/Gildan_18500_Sand_Front_High_Model-edited.jpg 995w, https:\/\/new.picaboographik.com\/wp-content\/uploads\/2026\/03\/Gildan_18500_Sand_Front_High_Model-edited-300x300.jpg 300w, https:\/\/new.picaboographik.com\/wp-content\/uploads\/2026\/03\/Gildan_18500_Sand_Front_High_Model-edited-150x150.jpg 150w, https:\/\/new.picaboographik.com\/wp-content\/uploads\/2026\/03\/Gildan_18500_Sand_Front_High_Model-edited-768x768.jpg 768w\" sizes=\"auto, (max-width: 995px) 100vw, 995px\" \/><\/a><\/figure>\n<\/div><\/div>\n\n\n\n<div class=\"wp-block-column is-layout-flow wp-block-column-is-layout-flow\">\n<div class=\"wp-block-buttons is-layout-flex wp-block-buttons-is-layout-flex\">\n<div class=\"wp-block-button has-custom-width wp-block-button__width-100\"><a class=\"wp-block-button__link has-background has-small-font-size has-custom-font-size wp-element-button\" href=\"https:\/\/new.picaboographik.com\/wp-content\/uploads\/2026\/03\/2026_Lookbook_gen.pdf\" style=\"border-top-left-radius:100px;border-top-right-radius:100px;border-bottom-left-radius:100px;border-bottom-right-radius:100px;background-color:#dea14a\" target=\"_blank\" rel=\"noreferrer noopener\">SanMar Canada<\/a><\/div>\n<\/div>\n\n\n\n<figure class=\"wp-block-image size-full is-resized is-style-rounded\"><a href=\"https:\/\/new.picaboographik.com\/wp-content\/uploads\/2026\/03\/2026_Lookbook_gen.pdf\" target=\"_blank\" rel=\" noreferrer noopener\"><img loading=\"lazy\" decoding=\"async\" width=\"902\" height=\"902\" src=\"https:\/\/new.picaboographik.com\/wp-content\/uploads\/2026\/03\/Capture-decran-le-2026-03-03-a-13.54.25-edited.png\" alt=\"\" class=\"wp-image-2220\" style=\"object-fit:cover;width:300px;height:300px\" srcset=\"https:\/\/new.picaboographik.com\/wp-content\/uploads\/2026\/03\/Capture-decran-le-2026-03-03-a-13.54.25-edited.png 902w, https:\/\/new.picaboographik.com\/wp-content\/uploads\/2026\/03\/Capture-decran-le-2026-03-03-a-13.54.25-edited-300x300.png 300w, https:\/\/new.picaboographik.com\/wp-content\/uploads\/2026\/03\/Capture-decran-le-2026-03-03-a-13.54.25-edited-150x150.png 150w, https:\/\/new.picaboographik.com\/wp-content\/uploads\/2026\/03\/Capture-decran-le-2026-03-03-a-13.54.25-edited-768x768.png 768w\" sizes=\"auto, (max-width: 902px) 100vw, 902px\" \/><\/a><\/figure>\n<\/div>\n\n\n\n<div class=\"wp-block-column is-layout-flow wp-block-column-is-layout-flow\">\n<div class=\"wp-block-buttons is-layout-flex wp-block-buttons-is-layout-flex\">\n<div class=\"wp-block-button has-custom-width wp-block-button__width-100\"><a class=\"wp-block-button__link has-background has-small-font-size has-custom-font-size wp-element-button\" href=\"https:\/\/new.picaboographik.com\/wp-content\/uploads\/2026\/03\/Stormtech2026.pdf\" style=\"border-top-left-radius:100px;border-top-right-radius:100px;border-bottom-left-radius:100px;border-bottom-right-radius:100px;background-color:#dea14a\" target=\"_blank\" rel=\"noreferrer noopener\">STORMTECH<\/a><\/div>\n<\/div>\n\n\n<div class=\"wp-block-image is-style-rounded\">\n<figure class=\"aligncenter size-full is-resized\"><a href=\"https:\/\/new.picaboographik.com\/wp-content\/uploads\/2026\/03\/Stormtech2026.pdf\" target=\"_blank\" rel=\" noreferrer noopener\"><img loading=\"lazy\" decoding=\"async\" width=\"1948\" height=\"2560\" src=\"https:\/\/new.picaboographik.com\/wp-content\/uploads\/2026\/03\/TVX-5W-FM-FRONT-NAVY-01-scaled.jpg\" alt=\"\" class=\"wp-image-2234\" style=\"object-fit:cover;width:300px;height:300px\" srcset=\"https:\/\/new.picaboographik.com\/wp-content\/uploads\/2026\/03\/TVX-5W-FM-FRONT-NAVY-01-scaled.jpg 1948w, https:\/\/new.picaboographik.com\/wp-content\/uploads\/2026\/03\/TVX-5W-FM-FRONT-NAVY-01-228x300.jpg 228w, https:\/\/new.picaboographik.com\/wp-content\/uploads\/2026\/03\/TVX-5W-FM-FRONT-NAVY-01-779x1024.jpg 779w, https:\/\/new.picaboographik.com\/wp-content\/uploads\/2026\/03\/TVX-5W-FM-FRONT-NAVY-01-768x1009.jpg 768w, https:\/\/new.picaboographik.com\/wp-content\/uploads\/2026\/03\/TVX-5W-FM-FRONT-NAVY-01-1169x1536.jpg 1169w, https:\/\/new.picaboographik.com\/wp-content\/uploads\/2026\/03\/TVX-5W-FM-FRONT-NAVY-01-1559x2048.jpg 1559w\" sizes=\"auto, (max-width: 1948px) 100vw, 1948px\" \/><\/a><\/figure>\n<\/div><\/div>\n<\/div>\n\n\n\n<p><\/p>\n","protected":false},"excerpt":{"rendered":"<p>Broderie industrielle Tous nos v\u00eatements corporatifs sont soigneusement s\u00e9lectionn\u00e9s afin d\u2019assurer une qualit\u00e9 optimale pour la broderie. Nos produits sont compatibles avec les standards de broderie industrielle, garantissant un rendu durable, pr\u00e9cis et professionnel. Nous travaillons exclusivement avec des fournisseurs reconnus, ce qui nous permet d\u2019offrir une constance dans la qualit\u00e9 des tissus et des [&hellip;]<\/p>\n","protected":false},"author":1,"featured_media":0,"parent":0,"menu_order":0,"comment_status":"closed","ping_status":"closed","template":"","meta":{"footnotes":""},"class_list":["post-2205","page","type-page","status-publish","hentry"],"_links":{"self":[{"href":"https:\/\/new.picaboographik.com\/index.php\/wp-json\/wp\/v2\/pages\/2205","targetHints":{"allow":["GET"]}}],"collection":[{"href":"https:\/\/new.picaboographik.com\/index.php\/wp-json\/wp\/v2\/pages"}],"about":[{"href":"https:\/\/new.picaboographik.com\/index.php\/wp-json\/wp\/v2\/types\/page"}],"author":[{"embeddable":true,"href":"https:\/\/new.picaboographik.com\/index.php\/wp-json\/wp\/v2\/users\/1"}],"replies":[{"embeddable":true,"href":"https:\/\/new.picaboographik.com\/index.php\/wp-json\/wp\/v2\/comments?post=2205"}],"version-history":[{"count":49,"href":"https:\/\/new.picaboographik.com\/index.php\/wp-json\/wp\/v2\/pages\/2205\/revisions"}],"predecessor-version":[{"id":2733,"href":"https:\/\/new.picaboographik.com\/index.php\/wp-json\/wp\/v2\/pages\/2205\/revisions\/2733"}],"wp:attachment":[{"href":"https:\/\/new.picaboographik.com\/index.php\/wp-json\/wp\/v2\/media?parent=2205"}],"curies":[{"name":"wp","href":"https:\/\/api.w.org\/{rel}","templated":true}]}}